{"id":6,"date":"2026-02-27T18:49:10","date_gmt":"2026-02-27T18:49:10","guid":{"rendered":"https:\/\/helsinkiweblab.fi\/?page_id=6"},"modified":"2026-03-03T06:20:23","modified_gmt":"2026-03-03T06:20:23","slug":"etusivu","status":"publish","type":"page","link":"https:\/\/helsinkiweblab.fi\/","title":{"rendered":"Etusivu"},"content":{"rendered":"<section class=\"bde-section-6-100 bde-section header\">\n  \n  \n\t\n\n\n\n<div class=\"section-container\"><\/div>\n<\/section><section class=\"bde-section-6-120 bde-section\">\n  \n  \n\t\n\n\n\n<div class=\"section-container\"><div class=\"bde-columns-6-122 bde-columns\"><div class=\"bde-column-6-123 bde-column\">\n  \n  \n\t\n\n\n\n<div class=\"bde-div-6-131 bde-div\">\n  \n  \n\t\n\n\n\n<h2 class=\"bde-heading-6-130 bde-heading\">\nThis is a heading.\n<\/h2><div class=\"bde-text-6-129 bde-text\">\nThis is a basic text element.\n<\/div>\n<\/div>\n<\/div><div class=\"bde-column-6-124 bde-column\">\n  \n  \n\t\n\n\n\n<div class=\"bde-div-6-132 bde-div\">\n  \n  \n\t\n\n\n\n<h2 class=\"bde-heading-6-133 bde-heading\">\nThis is a heading.\n<\/h2><div class=\"bde-text-6-134 bde-text\">\nThis is a basic text element.\n<\/div>\n<\/div>\n<\/div><div class=\"bde-column-6-125 bde-column service-tree\">\n  \n  \n\t\n\n\n\n<div class=\"bde-div-6-135 bde-div\">\n  \n  \n\t\n\n\n\n<h2 class=\"bde-heading-6-136 bde-heading\">\nThis is a heading.\n<\/h2><div class=\"bde-text-6-137 bde-text\">\nThis is a basic text element.\n<\/div>\n<\/div>\n<\/div><\/div><div class=\"bde-columns-6-126 bde-columns\"><div class=\"bde-column-6-127 bde-column\">\n  \n  \n\t\n\n\n\n<div class=\"bde-div-6-138 bde-div\">\n  \n  \n\t\n\n\n\n<h2 class=\"bde-heading-6-139 bde-heading\">\nThis is a heading.\n<\/h2><div class=\"bde-text-6-140 bde-text\">\nThis is a basic text element.\n<\/div>\n<\/div>\n<\/div><div class=\"bde-column-6-128 bde-column\">\n  \n  \n\t\n\n\n\n<div class=\"bde-div-6-141 bde-div\">\n  \n  \n\t\n\n\n\n<h2 class=\"bde-heading-6-142 bde-heading\">\nThis is a heading.\n<\/h2><div class=\"bde-text-6-143 bde-text\">\nThis is a basic text element.\n<\/div>\n<\/div>\n<\/div><\/div><\/div>\n<\/section><section class=\"bde-section-6-110 bde-section\">\n  \n  \n\t\n\n\n\n<div class=\"section-container\"><div class=\"bde-columns-6-111 bde-columns\"><div class=\"bde-column-6-112 bde-column\">\n  \n  \n\t\n\n\n\n<h1 class=\"bde-heading-6-118 bde-heading\">\nThis is a heading.\n<\/h1><div class=\"bde-text-6-116 bde-text\">\nLuomme ratkaisuja, joilla boostaat liiketoimintaasi! Suunnittelemme, kehit\u00e4mme ja toteutamme t\u00e4ydellisen paketin, joka sis\u00e4lt\u00e4\u00e4 kaiken tarvitsemasi liiketoimintasi vauhdittamiseksi.<br><br>Hy\u00f6dynn\u00e4mme tuotteen vahvuudet ja luomme strategian yhdist\u00e4m\u00e4ll\u00e4 huipputeknologian, syv\u00e4llisen ymm\u00e4rryksen ja luovan ajattelun.\n<\/div><div class=\"bde-button-6-119 bde-button\">\n    \n                        \n                        \n    \n    \n    \n    \n            \n            <button type=\"button\" class=\"button-atom button-atom--custom bde-button__button\"  >\n    \n        <span class=\"button-atom__text\">Click Here<\/span>\n\n        \n        \n            <\/button>\n    \n\n\n<\/div>\n<\/div><div class=\"bde-column-6-113 bde-column\">\n  \n  \n\t\n\n\n\n<img decoding=\"async\" class=\"bde-image2-6-117 bde-image2\" src=\"data:image\/svg+xml;charset=UTF-8,%3csvg xmlns=&#039;http:\/\/www.w3.org\/2000\/svg&#039; width=&#039;540&#039; height=&#039;540&#039; viewBox=&#039;0 0 140 140&#039;%3e%3cpath d=&#039;M0 0h140v140H0z&#039; fill=&#039;%23e5e7eb&#039;\/%3e%3cpath d=&#039;M88 82.46H51.8v-4.52l6.74-6.74a1.13 1.13 0 011.6 0l5.23 5.23 12.76-12.77a1.13 1.13 0 011.6 0L88 71.91z&#039; fill=&#039;%23e5e7eb&#039;\/%3e%3cpath d=&#039;M89.48 52.32H50.29a4.52 4.52 0 00-4.52 4.52V84a4.53 4.53 0 004.52 4.52h39.19A4.52 4.52 0 0094 84V56.84a4.52 4.52 0 00-4.52-4.52zm-33.16 5.27a5.28 5.28 0 11-5.27 5.28 5.27 5.27 0 015.27-5.28zM88 82.46H51.8v-4.52l6.74-6.74a1.13 1.13 0 011.6 0l5.23 5.23 12.76-12.77a1.13 1.13 0 011.6 0L88 71.91z&#039; fill=&#039;%23d1d5db&#039;\/%3e%3c\/svg%3e\" loading=\"lazy\">\n<\/div><\/div><\/div>\n<\/section>","protected":false},"excerpt":{"rendered":"<p>This is a heading. This is a basic text element. This is a heading. This is a basic text element. This is a heading. This is a basic text element. This is a heading. This is a basic text element. This is a heading. This is a basic text element. This is a heading. Luomme [&hellip;]<\/p>\n","protected":false},"author":1,"featured_media":0,"parent":0,"menu_order":0,"comment_status":"closed","ping_status":"closed","template":"","meta":{"_breakdance_hide_in_design_set":false,"_breakdance_tags":"","footnotes":""},"class_list":["post-6","page","type-page","status-publish","hentry"],"_links":{"self":[{"href":"https:\/\/helsinkiweblab.fi\/index.php\/wp-json\/wp\/v2\/pages\/6","targetHints":{"allow":["GET"]}}],"collection":[{"href":"https:\/\/helsinkiweblab.fi\/index.php\/wp-json\/wp\/v2\/pages"}],"about":[{"href":"https:\/\/helsinkiweblab.fi\/index.php\/wp-json\/wp\/v2\/types\/page"}],"author":[{"embeddable":true,"href":"https:\/\/helsinkiweblab.fi\/index.php\/wp-json\/wp\/v2\/users\/1"}],"replies":[{"embeddable":true,"href":"https:\/\/helsinkiweblab.fi\/index.php\/wp-json\/wp\/v2\/comments?post=6"}],"version-history":[{"count":15,"href":"https:\/\/helsinkiweblab.fi\/index.php\/wp-json\/wp\/v2\/pages\/6\/revisions"}],"predecessor-version":[{"id":45,"href":"https:\/\/helsinkiweblab.fi\/index.php\/wp-json\/wp\/v2\/pages\/6\/revisions\/45"}],"wp:attachment":[{"href":"https:\/\/helsinkiweblab.fi\/index.php\/wp-json\/wp\/v2\/media?parent=6"}],"curies":[{"name":"wp","href":"https:\/\/api.w.org\/{rel}","templated":true}]}}